{"id":10,"date":"2023-03-22T20:44:04","date_gmt":"2023-03-22T20:44:04","guid":{"rendered":"https:\/\/josuemiranda.xyz\/?page_id=10"},"modified":"2023-08-08T12:10:00","modified_gmt":"2023-08-08T17:10:00","slug":"inicio","status":"publish","type":"page","link":"https:\/\/maquiproecuador.com\/en\/","title":{"rendered":"Home"},"content":{"rendered":"\t\t<div data-elementor-type=\"wp-page\" data-elementor-id=\"10\" class=\"elementor elementor-10\" data-elementor-post-type=\"page\">\n\t\t\t\t\t\t<section class=\"elementor-section elementor-top-section elementor-element elementor-element-70fcab1 elementor-reverse-mobile elementor-section-boxed elementor-section-height-default elementor-section-height-default\" data-id=\"70fcab1\" data-element_type=\"section\" data-e-type=\"section\">\n\t\t\t\t\t\t<div class=\"elementor-container elementor-column-gap-default\">\n\t\t\t\t\t<div class=\"elementor-column elementor-col-100 elementor-top-column elementor-element elementor-element-3704d79\" data-id=\"3704d79\" data-element_type=\"column\" data-e-type=\"column\">\n\t\t\t<div class=\"elementor-widget-wrap elementor-element-populated\">\n\t\t\t\t\t\t<div class=\"elementor-element elementor-element-325ec5c elementor-arrows-position-inside elementor-widget elementor-widget-image-carousel\" data-id=\"325ec5c\" data-element_type=\"widget\" data-e-type=\"widget\" data-settings=\"{&quot;slides_to_show&quot;:&quot;1&quot;,&quot;navigation&quot;:&quot;arrows&quot;,&quot;pause_on_hover&quot;:&quot;no&quot;,&quot;autoplay_speed&quot;:3000,&quot;autoplay&quot;:&quot;yes&quot;,&quot;pause_on_interaction&quot;:&quot;yes&quot;,&quot;infinite&quot;:&quot;yes&quot;,&quot;effect&quot;:&quot;slide&quot;,&quot;speed&quot;:500}\" data-widget_type=\"image-carousel.default\">\n\t\t\t\t<div class=\"elementor-widget-container\">\n\t\t\t\t\t\t\t<div class=\"elementor-image-carousel-wrapper swiper\" role=\"region\" aria-roledescription=\"carousel\" aria-label=\"Carrusel de im\u00e1genes\" dir=\"ltr\">\n\t\t\t<div class=\"elementor-image-carousel swiper-wrapper\" aria-live=\"off\">\n\t\t\t\t\t\t\t\t<div class=\"swiper-slide\" role=\"group\" aria-roledescription=\"slide\" aria-label=\"1 de 4\"><figure class=\"swiper-slide-inner\"><img decoding=\"async\" class=\"swiper-slide-image\" src=\"https:\/\/maquiproecuador.com\/wp-content\/uploads\/2023\/03\/mq1.jpg\" alt=\"mq1\" \/><\/figure><\/div><div class=\"swiper-slide\" role=\"group\" aria-roledescription=\"slide\" aria-label=\"2 de 4\"><figure class=\"swiper-slide-inner\"><img decoding=\"async\" class=\"swiper-slide-image\" src=\"https:\/\/maquiproecuador.com\/wp-content\/uploads\/2023\/03\/mq4.jpg\" alt=\"mq4\" \/><\/figure><\/div><div class=\"swiper-slide\" role=\"group\" aria-roledescription=\"slide\" aria-label=\"3 de 4\"><figure class=\"swiper-slide-inner\"><img decoding=\"async\" class=\"swiper-slide-image\" src=\"https:\/\/maquiproecuador.com\/wp-content\/uploads\/2023\/03\/mq3.jpg\" alt=\"mq3\" \/><\/figure><\/div><div class=\"swiper-slide\" role=\"group\" aria-roledescription=\"slide\" aria-label=\"4 de 4\"><figure class=\"swiper-slide-inner\"><img decoding=\"async\" class=\"swiper-slide-image\" src=\"https:\/\/maquiproecuador.com\/wp-content\/uploads\/2023\/03\/mq2.jpg\" alt=\"mq2\" \/><\/figure><\/div>\t\t\t<\/div>\n\t\t\t\t\t\t\t\t\t\t\t\t<div class=\"elementor-swiper-button elementor-swiper-button-prev\" role=\"button\" tabindex=\"0\">\n\t\t\t\t\t\t<i aria-hidden=\"true\" class=\"eicon-chevron-left\"><\/i>\t\t\t\t\t<\/div>\n\t\t\t\t\t<div class=\"elementor-swiper-button elementor-swiper-button-next\" role=\"button\" tabindex=\"0\">\n\t\t\t\t\t\t<i aria-hidden=\"true\" class=\"eicon-chevron-right\"><\/i>\t\t\t\t\t<\/div>\n\t\t\t\t\n\t\t\t\t\t\t\t\t\t<\/div>\n\t\t\t\t\t\t<\/div>\n\t\t\t\t<\/div>\n\t\t\t\t\t<\/div>\n\t\t<\/div>\n\t\t\t\t\t<\/div>\n\t\t<\/section>\n\t\t\t\t<section class=\"elementor-section elementor-top-section elementor-element elementor-element-8564a69 elementor-section-boxed elementor-section-height-default elementor-section-height-default\" data-id=\"8564a69\" data-element_type=\"section\" data-e-type=\"section\">\n\t\t\t\t\t\t<div class=\"elementor-container elementor-column-gap-default\">\n\t\t\t\t\t<div class=\"elementor-column elementor-col-20 elementor-top-column elementor-element elementor-element-3e2a5a6\" data-id=\"3e2a5a6\" data-element_type=\"column\" data-e-type=\"column\">\n\t\t\t<div class=\"elementor-widget-wrap elementor-element-populated\">\n\t\t\t\t\t\t<div class=\"elementor-element elementor-element-b77d691 elementor-widget-mobile__width-initial elementor-position-top elementor-widget elementor-widget-image-box\" data-id=\"b77d691\" data-element_type=\"widget\" data-e-type=\"widget\" data-widget_type=\"image-box.default\">\n\t\t\t\t<div class=\"elementor-widget-container\">\n\t\t\t\t\t<div class=\"elementor-image-box-wrapper\"><figure class=\"elementor-image-box-img\"><a href=\"#1\" tabindex=\"-1\"><img fetchpriority=\"high\" decoding=\"async\" width=\"700\" height=\"700\" src=\"https:\/\/maquiproecuador.com\/wp-content\/uploads\/2023\/03\/m1.png\" class=\"attachment-full size-full wp-image-241\" alt=\"\" srcset=\"https:\/\/maquiproecuador.com\/wp-content\/uploads\/2023\/03\/m1.png 700w, https:\/\/maquiproecuador.com\/wp-content\/uploads\/2023\/03\/m1-300x300.png 300w, https:\/\/maquiproecuador.com\/wp-content\/uploads\/2023\/03\/m1-150x150.png 150w\" sizes=\"(max-width: 700px) 100vw, 700px\" \/><\/a><\/figure><div class=\"elementor-image-box-content\"><h3 class=\"elementor-image-box-title\"><a href=\"#1\">\u00bfC\u00f3mo empezar tu proyecto?<\/a><\/h3><\/div><\/div>\t\t\t\t<\/div>\n\t\t\t\t<\/div>\n\t\t\t\t\t<\/div>\n\t\t<\/div>\n\t\t\t\t<div class=\"elementor-column elementor-col-20 elementor-top-column elementor-element elementor-element-4dce11b\" data-id=\"4dce11b\" data-element_type=\"column\" data-e-type=\"column\">\n\t\t\t<div class=\"elementor-widget-wrap elementor-element-populated\">\n\t\t\t\t\t\t<div class=\"elementor-element elementor-element-b33332a elementor-widget-mobile__width-initial elementor-position-top elementor-widget elementor-widget-image-box\" data-id=\"b33332a\" data-element_type=\"widget\" data-e-type=\"widget\" data-widget_type=\"image-box.default\">\n\t\t\t\t<div class=\"elementor-widget-container\">\n\t\t\t\t\t<div class=\"elementor-image-box-wrapper\"><figure class=\"elementor-image-box-img\"><a href=\"#2\" tabindex=\"-1\"><img decoding=\"async\" width=\"700\" height=\"700\" src=\"https:\/\/maquiproecuador.com\/wp-content\/uploads\/2023\/03\/m2.png\" class=\"attachment-full size-full wp-image-245\" alt=\"\" srcset=\"https:\/\/maquiproecuador.com\/wp-content\/uploads\/2023\/03\/m2.png 700w, https:\/\/maquiproecuador.com\/wp-content\/uploads\/2023\/03\/m2-300x300.png 300w, https:\/\/maquiproecuador.com\/wp-content\/uploads\/2023\/03\/m2-150x150.png 150w\" sizes=\"(max-width: 700px) 100vw, 700px\" \/><\/a><\/figure><div class=\"elementor-image-box-content\"><h3 class=\"elementor-image-box-title\"><a href=\"#2\">\u00bfTienes una idea, pero no la formulaci\u00f3n?<\/a><\/h3><\/div><\/div>\t\t\t\t<\/div>\n\t\t\t\t<\/div>\n\t\t\t\t\t<\/div>\n\t\t<\/div>\n\t\t\t\t<div class=\"elementor-column elementor-col-20 elementor-top-column elementor-element elementor-element-d0df0b1\" data-id=\"d0df0b1\" data-element_type=\"column\" data-e-type=\"column\">\n\t\t\t<div class=\"elementor-widget-wrap elementor-element-populated\">\n\t\t\t\t\t\t<div class=\"elementor-element elementor-element-80d9182 elementor-widget-mobile__width-initial elementor-position-top elementor-widget elementor-widget-image-box\" data-id=\"80d9182\" data-element_type=\"widget\" data-e-type=\"widget\" data-widget_type=\"image-box.default\">\n\t\t\t\t<div class=\"elementor-widget-container\">\n\t\t\t\t\t<div class=\"elementor-image-box-wrapper\"><figure class=\"elementor-image-box-img\"><a href=\"#3\" tabindex=\"-1\"><img decoding=\"async\" width=\"700\" height=\"700\" src=\"https:\/\/maquiproecuador.com\/wp-content\/uploads\/2023\/03\/m3.png\" class=\"attachment-full size-full wp-image-244\" alt=\"\" srcset=\"https:\/\/maquiproecuador.com\/wp-content\/uploads\/2023\/03\/m3.png 700w, https:\/\/maquiproecuador.com\/wp-content\/uploads\/2023\/03\/m3-300x300.png 300w, https:\/\/maquiproecuador.com\/wp-content\/uploads\/2023\/03\/m3-150x150.png 150w\" sizes=\"(max-width: 700px) 100vw, 700px\" \/><\/a><\/figure><div class=\"elementor-image-box-content\"><h3 class=\"elementor-image-box-title\"><a href=\"#3\">\u00bfConoces si tu f\u00f3rmula requiere Registro o Notificaci\u00f3n Sanitaria?<\/a><\/h3><\/div><\/div>\t\t\t\t<\/div>\n\t\t\t\t<\/div>\n\t\t\t\t\t<\/div>\n\t\t<\/div>\n\t\t\t\t<div class=\"elementor-column elementor-col-20 elementor-top-column elementor-element elementor-element-685bb20\" data-id=\"685bb20\" data-element_type=\"column\" data-e-type=\"column\">\n\t\t\t<div class=\"elementor-widget-wrap elementor-element-populated\">\n\t\t\t\t\t\t<div class=\"elementor-element elementor-element-0b0e3ca elementor-widget-mobile__width-initial elementor-position-top elementor-widget elementor-widget-image-box\" data-id=\"0b0e3ca\" data-element_type=\"widget\" data-e-type=\"widget\" data-widget_type=\"image-box.default\">\n\t\t\t\t<div class=\"elementor-widget-container\">\n\t\t\t\t\t<div class=\"elementor-image-box-wrapper\"><figure class=\"elementor-image-box-img\"><a href=\"#4\" tabindex=\"-1\"><img loading=\"lazy\" decoding=\"async\" width=\"700\" height=\"700\" src=\"https:\/\/maquiproecuador.com\/wp-content\/uploads\/2023\/03\/m4.png\" class=\"attachment-full size-full wp-image-243\" alt=\"\" srcset=\"https:\/\/maquiproecuador.com\/wp-content\/uploads\/2023\/03\/m4.png 700w, https:\/\/maquiproecuador.com\/wp-content\/uploads\/2023\/03\/m4-300x300.png 300w, https:\/\/maquiproecuador.com\/wp-content\/uploads\/2023\/03\/m4-150x150.png 150w\" sizes=\"(max-width: 700px) 100vw, 700px\" \/><\/a><\/figure><div class=\"elementor-image-box-content\"><h3 class=\"elementor-image-box-title\"><a href=\"#4\">\u00bfTienes materia prima para la formulaci\u00f3n y producci\u00f3n?<\/a><\/h3><\/div><\/div>\t\t\t\t<\/div>\n\t\t\t\t<\/div>\n\t\t\t\t\t<\/div>\n\t\t<\/div>\n\t\t\t\t<div class=\"elementor-column elementor-col-20 elementor-top-column elementor-element elementor-element-0f89341\" data-id=\"0f89341\" data-element_type=\"column\" data-e-type=\"column\">\n\t\t\t<div class=\"elementor-widget-wrap elementor-element-populated\">\n\t\t\t\t\t\t<div class=\"elementor-element elementor-element-faa4b34 elementor-widget-mobile__width-initial elementor-position-top elementor-widget elementor-widget-image-box\" data-id=\"faa4b34\" data-element_type=\"widget\" data-e-type=\"widget\" data-widget_type=\"image-box.default\">\n\t\t\t\t<div class=\"elementor-widget-container\">\n\t\t\t\t\t<div class=\"elementor-image-box-wrapper\"><figure class=\"elementor-image-box-img\"><a href=\"#5\" tabindex=\"-1\"><img loading=\"lazy\" decoding=\"async\" width=\"700\" height=\"700\" src=\"https:\/\/maquiproecuador.com\/wp-content\/uploads\/2023\/03\/m5.png\" class=\"attachment-full size-full wp-image-242\" alt=\"\" srcset=\"https:\/\/maquiproecuador.com\/wp-content\/uploads\/2023\/03\/m5.png 700w, https:\/\/maquiproecuador.com\/wp-content\/uploads\/2023\/03\/m5-300x300.png 300w, https:\/\/maquiproecuador.com\/wp-content\/uploads\/2023\/03\/m5-150x150.png 150w\" sizes=\"(max-width: 700px) 100vw, 700px\" \/><\/a><\/figure><div class=\"elementor-image-box-content\"><h3 class=\"elementor-image-box-title\"><a href=\"#5\">\u00bfYa tienes listo el  envase y empaque de tu producto?<\/a><\/h3><\/div><\/div>\t\t\t\t<\/div>\n\t\t\t\t<\/div>\n\t\t\t\t\t<\/div>\n\t\t<\/div>\n\t\t\t\t\t<\/div>\n\t\t<\/section>\n\t\t\t\t<section class=\"elementor-section elementor-top-section elementor-element elementor-element-8254ad4 elementor-section-boxed elementor-section-height-default elementor-section-height-default\" data-id=\"8254ad4\" data-element_type=\"section\" data-e-type=\"section\">\n\t\t\t\t\t\t<div class=\"elementor-container elementor-column-gap-default\">\n\t\t\t\t\t<div class=\"elementor-column elementor-col-100 elementor-top-column elementor-element elementor-element-d98c52a\" data-id=\"d98c52a\" data-element_type=\"column\" data-e-type=\"column\">\n\t\t\t<div class=\"elementor-widget-wrap elementor-element-populated\">\n\t\t\t\t\t\t<div class=\"elementor-element elementor-element-6587983 elementor-widget elementor-widget-eael-adv-accordion\" data-id=\"6587983\" data-element_type=\"widget\" data-e-type=\"widget\" data-widget_type=\"eael-adv-accordion.default\">\n\t\t\t\t<div class=\"elementor-widget-container\">\n\t\t\t\t\t            <div class=\"eael-adv-accordion\" id=\"eael-adv-accordion-6587983\" data-scroll-on-click=\"no\" data-scroll-speed=\"300\" data-accordion-id=\"6587983\" data-accordion-type=\"accordion\" data-toogle-speed=\"300\">\n            <div class=\"eael-accordion-list\">\n\t\t\t\t\t<div id=\"1\" class=\"elementor-tab-title eael-accordion-header active-default\" tabindex=\"0\" data-tab=\"1\" aria-controls=\"elementor-tab-content-1061\"><h2 class=\"eael-accordion-tab-title\">\u00bfC\u00f3mo empezar tu proyecto?<\/h2><i aria-hidden=\"true\" class=\"fa-toggle fas fa-angle-right\"><\/i><\/div><div id=\"elementor-tab-content-1061\" class=\"eael-accordion-content clearfix active-default\" data-tab=\"1\" aria-labelledby=\"1\"><p><img loading=\"lazy\" decoding=\"async\" class=\" wp-image-241 alignleft\" src=\"https:\/\/josuemiranda.xyz\/wp-content\/uploads\/2023\/03\/m1-300x300.png\" alt=\"\" width=\"105\" height=\"105\" srcset=\"https:\/\/maquiproecuador.com\/wp-content\/uploads\/2023\/03\/m1-300x300.png 300w, https:\/\/maquiproecuador.com\/wp-content\/uploads\/2023\/03\/m1-150x150.png 150w, https:\/\/maquiproecuador.com\/wp-content\/uploads\/2023\/03\/m1.png 700w\" sizes=\"(max-width: 105px) 100vw, 105px\" \/>Realizamos maquilas de productos naturales de uso medicinal, nutrac\u00e9uticos, dermocosm\u00e9ticos y suplementos alimenticios.<\/p><p>\u00a0<\/p><p>Cons\u00faltanos. Realizamos maquilas de productos naturales de uso medicinal, nutrac\u00e9uticos, dermocosm\u00e9ticos y suplementos alimenticios.<\/p><p>\u00a0<\/p><p>Nos adaptamos a cualquier fase que requieras para que tu proyecto sea una realidad.<\/p><\/div>\n\t\t\t\t\t<\/div><div class=\"eael-accordion-list\">\n\t\t\t\t\t<div id=\"2\" class=\"elementor-tab-title eael-accordion-header\" tabindex=\"0\" data-tab=\"2\" aria-controls=\"elementor-tab-content-1062\"><h2 class=\"eael-accordion-tab-title\">\u00bfTienes una idea, pero no la formulaci\u00f3n?<\/h2><i aria-hidden=\"true\" class=\"fa-toggle fas fa-angle-right\"><\/i><\/div><div id=\"elementor-tab-content-1062\" class=\"eael-accordion-content clearfix\" data-tab=\"2\" aria-labelledby=\"2\"><p><img loading=\"lazy\" decoding=\"async\" class=\" wp-image-245 alignleft\" src=\"https:\/\/josuemiranda.xyz\/wp-content\/uploads\/2023\/03\/m2-300x300.png\" alt=\"\" width=\"105\" height=\"105\" srcset=\"https:\/\/maquiproecuador.com\/wp-content\/uploads\/2023\/03\/m2-300x300.png 300w, https:\/\/maquiproecuador.com\/wp-content\/uploads\/2023\/03\/m2-150x150.png 150w, https:\/\/maquiproecuador.com\/wp-content\/uploads\/2023\/03\/m2.png 700w\" sizes=\"(max-width: 105px) 100vw, 105px\" \/>Trae tu idea y nosotros te asesoramos para que puedas desarrollar la formulaci\u00f3n. Existen varias formulaciones en el mercado. Si es de un solo compuesto, se realizar\u00edan estudios verificados de estandarizaci\u00f3n y estabilidad para crear tu producto.<\/p><p>\u00a0<\/p><p>En caso de necesitar varios compuestos, se realizan estudios de estabilidad, f\u00edsico-qu\u00edmicos, organol\u00e9pticos, terap\u00e9uticos, farmacol\u00f3gicos y toxicol\u00f3gicos para que tu producto pueda salir al mercado.<\/p><p>\u00a0<\/p><p>Nuestro asesoramiento es validar y verificar que los compuestos no sean antagonistas y mantengan la sinergia en la formulaci\u00f3n. Parte del servicio, es preparar toda la documentaci\u00f3n para entregar a la entidad reguladora.<\/p><p>\u00a0<\/p><p>\u00a1Vienes con una idea y te vas con un producto!<\/p><\/div>\n\t\t\t\t\t<\/div><div class=\"eael-accordion-list\">\n\t\t\t\t\t<div id=\"3\" class=\"elementor-tab-title eael-accordion-header\" tabindex=\"0\" data-tab=\"3\" aria-controls=\"elementor-tab-content-1063\"><h2 class=\"eael-accordion-tab-title\">\u00bfConoces si tu f\u00f3rmula requiere Registro o Notificaci\u00f3n Sanitaria?<\/h2><i aria-hidden=\"true\" class=\"fa-toggle fas fa-angle-right\"><\/i><\/div><div id=\"elementor-tab-content-1063\" class=\"eael-accordion-content clearfix\" data-tab=\"3\" aria-labelledby=\"3\"><p><img loading=\"lazy\" decoding=\"async\" class=\" wp-image-244 alignleft\" src=\"https:\/\/josuemiranda.xyz\/wp-content\/uploads\/2023\/03\/m3-300x300.png\" alt=\"\" width=\"105\" height=\"105\" srcset=\"https:\/\/maquiproecuador.com\/wp-content\/uploads\/2023\/03\/m3-300x300.png 300w, https:\/\/maquiproecuador.com\/wp-content\/uploads\/2023\/03\/m3-150x150.png 150w, https:\/\/maquiproecuador.com\/wp-content\/uploads\/2023\/03\/m3.png 700w\" sizes=\"(max-width: 105px) 100vw, 105px\" \/>Contamos con un equipo regulatorio que asesora y brinda todos los certificados necesarios para tu producto.<br \/>Somos tus socio estrat\u00e9gico.<\/p><\/div>\n\t\t\t\t\t<\/div><div class=\"eael-accordion-list\">\n\t\t\t\t\t<div id=\"4\" class=\"elementor-tab-title eael-accordion-header\" tabindex=\"0\" data-tab=\"4\" aria-controls=\"elementor-tab-content-1064\"><h2 class=\"eael-accordion-tab-title\">\u00bfTienes materia prima para la formulaci\u00f3n y producci\u00f3n?<\/h2><i aria-hidden=\"true\" class=\"fa-toggle fas fa-angle-right\"><\/i><\/div><div id=\"elementor-tab-content-1064\" class=\"eael-accordion-content clearfix\" data-tab=\"4\" aria-labelledby=\"4\"><p><img loading=\"lazy\" decoding=\"async\" class=\" wp-image-243 alignleft\" src=\"https:\/\/josuemiranda.xyz\/wp-content\/uploads\/2023\/03\/m4-300x300.png\" alt=\"\" width=\"105\" height=\"105\" srcset=\"https:\/\/maquiproecuador.com\/wp-content\/uploads\/2023\/03\/m4-300x300.png 300w, https:\/\/maquiproecuador.com\/wp-content\/uploads\/2023\/03\/m4-150x150.png 150w, https:\/\/maquiproecuador.com\/wp-content\/uploads\/2023\/03\/m4.png 700w\" sizes=\"(max-width: 105px) 100vw, 105px\" \/>Trae tu idea y nosotros te asesoramos para que puedas desarrollar la formulaci\u00f3n. Existen varias formulaciones en el mercado. Si es de un solo compuesto, se realizar\u00edan estudios verificados de estandarizaci\u00f3n y estabilidad para crear tu producto.<\/p><p>\u00a0<\/p><p>En caso de necesitar varios compuestos, se realizan estudios de estabilidad, f\u00edsico-qu\u00edmicos, organol\u00e9pticos, terap\u00e9uticos, farmacol\u00f3gicos y toxicol\u00f3gicos para que tu producto pueda salir al mercado.<\/p><p>\u00a0<\/p><p>Nuestro asesoramiento es validar y verificar que los compuestos no sean antagonistas y mantengan la sinergia en la formulaci\u00f3n. Parte del servicio, es preparar toda la documentaci\u00f3n para entregar a la entidad reguladora.<\/p><p>\u00a0<\/p><p>\u00a1Vienes con una idea y te vas con un producto!<\/p><\/div>\n\t\t\t\t\t<\/div><div class=\"eael-accordion-list\">\n\t\t\t\t\t<div id=\"5\" class=\"elementor-tab-title eael-accordion-header\" tabindex=\"0\" data-tab=\"5\" aria-controls=\"elementor-tab-content-1065\"><h2 class=\"eael-accordion-tab-title\">\u00bfYa tienes listo el envase y empaque de tu producto?<\/h2><i aria-hidden=\"true\" class=\"fa-toggle fas fa-angle-right\"><\/i><\/div><div id=\"elementor-tab-content-1065\" class=\"eael-accordion-content clearfix\" data-tab=\"5\" aria-labelledby=\"5\"><p><img loading=\"lazy\" decoding=\"async\" class=\" wp-image-242 alignleft\" src=\"https:\/\/josuemiranda.xyz\/wp-content\/uploads\/2023\/03\/m5-300x300.png\" alt=\"\" width=\"105\" height=\"105\" srcset=\"https:\/\/maquiproecuador.com\/wp-content\/uploads\/2023\/03\/m5-300x300.png 300w, https:\/\/maquiproecuador.com\/wp-content\/uploads\/2023\/03\/m5-150x150.png 150w, https:\/\/maquiproecuador.com\/wp-content\/uploads\/2023\/03\/m5.png 700w\" sizes=\"(max-width: 105px) 100vw, 105px\" \/>Contamos con socios estrat\u00e9gicos expertos en el \u00e1rea de packaging para que tengas varias alternativas de envases.<\/p><\/div>\n\t\t\t\t\t<\/div><\/div>\t\t\t\t<\/div>\n\t\t\t\t<\/div>\n\t\t\t\t\t<\/div>\n\t\t<\/div>\n\t\t\t\t\t<\/div>\n\t\t<\/section>\n\t\t\t\t<section class=\"elementor-section elementor-top-section elementor-element elementor-element-9259a45 elementor-section-boxed elementor-section-height-default elementor-section-height-default\" data-id=\"9259a45\" data-element_type=\"section\" data-e-type=\"section\">\n\t\t\t\t\t\t<div class=\"elementor-container elementor-column-gap-default\">\n\t\t\t\t\t<div class=\"elementor-column elementor-col-100 elementor-top-column elementor-element elementor-element-2516068\" data-id=\"2516068\" data-element_type=\"column\" data-e-type=\"column\">\n\t\t\t<div class=\"elementor-widget-wrap elementor-element-populated\">\n\t\t\t\t\t\t<div class=\"elementor-element elementor-element-d03cd45 elementor-widget elementor-widget-heading\" data-id=\"d03cd45\" data-element_type=\"widget\" data-e-type=\"widget\" data-widget_type=\"heading.default\">\n\t\t\t\t<div class=\"elementor-widget-container\">\n\t\t\t\t\t<h2 class=\"elementor-heading-title elementor-size-default\">CONOCE M\u00c1S DE NOSOTROS<\/h2>\t\t\t\t<\/div>\n\t\t\t\t<\/div>\n\t\t\t\t\t<\/div>\n\t\t<\/div>\n\t\t\t\t\t<\/div>\n\t\t<\/section>\n\t\t\t\t<section class=\"elementor-section elementor-top-section elementor-element elementor-element-0639ac9 elementor-section-boxed elementor-section-height-default elementor-section-height-default\" data-id=\"0639ac9\" data-element_type=\"section\" data-e-type=\"section\">\n\t\t\t\t\t\t<div class=\"elementor-container elementor-column-gap-default\">\n\t\t\t\t\t<div class=\"elementor-column elementor-col-100 elementor-top-column elementor-element elementor-element-eae979a\" data-id=\"eae979a\" data-element_type=\"column\" data-e-type=\"column\">\n\t\t\t<div class=\"elementor-widget-wrap elementor-element-populated\">\n\t\t\t\t\t\t<div class=\"elementor-element elementor-element-e843c40 elementor-widget elementor-widget-video\" data-id=\"e843c40\" data-element_type=\"widget\" data-e-type=\"widget\" id=\"video-container\" data-settings=\"{&quot;youtube_url&quot;:&quot;https:\\\/\\\/www.youtube.com\\\/watch?v=mYLVjtgYiL4&amp;t=1s&amp;ab_channel=Maquipro&quot;,&quot;video_type&quot;:&quot;youtube&quot;,&quot;controls&quot;:&quot;yes&quot;}\" data-widget_type=\"video.default\">\n\t\t\t\t<div class=\"elementor-widget-container\">\n\t\t\t\t\t\t\t<div class=\"elementor-wrapper elementor-open-inline\">\n\t\t\t<div class=\"elementor-video\"><\/div>\t\t<\/div>\n\t\t\t\t\t\t<\/div>\n\t\t\t\t<\/div>\n\t\t\t\t<div class=\"elementor-element elementor-element-47b5b48 elementor-widget elementor-widget-html\" data-id=\"47b5b48\" data-element_type=\"widget\" data-e-type=\"widget\" data-widget_type=\"html.default\">\n\t\t\t\t<div class=\"elementor-widget-container\">\n\t\t\t\t\t<script type=\"text\/javascript\">\n\n\tconst url = window.location.href;\n\n\tif(url.endsWith('\/en\/')){\n\t\tconst videoContainer = document.querySelector('#video-container');\n\t\tconst videoUrl = videoContainer.dataset.settings;\n\t\tconsole.log(videoUrl);\n\n\t\tlet regex = \/(?<=v=)[^&]*\/;\n\t\tlet newStr = videoUrl.replace(regex, 'iULPp5FDZWo');\n\n\t\tvideoContainer.dataset.settings = newStr;\n\t}\n\n<\/script>\t\t\t\t<\/div>\n\t\t\t\t<\/div>\n\t\t\t\t\t<\/div>\n\t\t<\/div>\n\t\t\t\t\t<\/div>\n\t\t<\/section>\n\t\t\t\t<\/div>\n\t\t","protected":false},"excerpt":{"rendered":"<p>\u00bfC\u00f3mo empezar tu proyecto? \u00bfTienes una idea, pero no la formulaci\u00f3n? \u00bfConoces si tu f\u00f3rmula requiere Registro o Notificaci\u00f3n Sanitaria? \u00bfTienes materia prima para la formulaci\u00f3n y producci\u00f3n? \u00bfYa tienes listo el envase y empaque de tu producto? \u00bfC\u00f3mo empezar tu proyecto? Realizamos maquilas de productos naturales de uso medicinal, nutrac\u00e9uticos, dermocosm\u00e9ticos y suplementos alimenticios. [&hellip;]<\/p>\n","protected":false},"author":1,"featured_media":0,"parent":0,"menu_order":0,"comment_status":"closed","ping_status":"closed","template":"","meta":{"site-sidebar-layout":"no-sidebar","site-content-layout":"page-builder","ast-site-content-layout":"default","site-content-style":"default","site-sidebar-style":"default","ast-global-header-display":"","ast-banner-title-visibility":"","ast-main-header-display":"","ast-hfb-above-header-display":"","ast-hfb-below-header-display":"","ast-hfb-mobile-header-display":"","site-post-title":"disabled","ast-breadcrumbs-content":"","ast-featured-img":"disabled","footer-sml-layout":"","ast-disable-related-posts":"","theme-transparent-header-meta":"","adv-header-id-meta":"","stick-header-meta":"","header-above-stick-meta":"","header-main-stick-meta":"","header-below-stick-meta":"","astra-migrate-meta-layouts":"default","ast-page-background-enabled":"default","ast-page-background-meta":{"desktop":{"background-color":"var(--ast-global-color-4)","background-image":"","background-repeat":"repeat","background-position":"center center","background-size":"auto","background-attachment":"scroll","background-type":"","background-media":"","overlay-type":"","overlay-color":"","overlay-opacity":"","overlay-gradient":""},"tablet":{"background-color":"","background-image":"","background-repeat":"repeat","background-position":"center center","background-size":"auto","background-attachment":"scroll","background-type":"","background-media":"","overlay-type":"","overlay-color":"","overlay-opacity":"","overlay-gradient":""},"mobile":{"background-color":"","background-image":"","background-repeat":"repeat","background-position":"center center","background-size":"auto","background-attachment":"scroll","background-type":"","background-media":"","overlay-type":"","overlay-color":"","overlay-opacity":"","overlay-gradient":""}},"ast-content-background-meta":{"desktop":{"background-color":"var(--ast-global-color-5)","background-image":"","background-repeat":"repeat","background-position":"center center","background-size":"auto","background-attachment":"scroll","background-type":"","background-media":"","overlay-type":"","overlay-color":"","overlay-opacity":"","overlay-gradient":""},"tablet":{"background-color":"var(--ast-global-color-5)","background-image":"","background-repeat":"repeat","background-position":"center center","background-size":"auto","background-attachment":"scroll","background-type":"","background-media":"","overlay-type":"","overlay-color":"","overlay-opacity":"","overlay-gradient":""},"mobile":{"background-color":"var(--ast-global-color-5)","background-image":"","background-repeat":"repeat","background-position":"center center","background-size":"auto","background-attachment":"scroll","background-type":"","background-media":"","overlay-type":"","overlay-color":"","overlay-opacity":"","overlay-gradient":""}},"footnotes":""},"class_list":["post-10","page","type-page","status-publish","hentry"],"_links":{"self":[{"href":"https:\/\/maquiproecuador.com\/en\/wp-json\/wp\/v2\/pages\/10","targetHints":{"allow":["GET"]}}],"collection":[{"href":"https:\/\/maquiproecuador.com\/en\/wp-json\/wp\/v2\/pages"}],"about":[{"href":"https:\/\/maquiproecuador.com\/en\/wp-json\/wp\/v2\/types\/page"}],"author":[{"embeddable":true,"href":"https:\/\/maquiproecuador.com\/en\/wp-json\/wp\/v2\/users\/1"}],"replies":[{"embeddable":true,"href":"https:\/\/maquiproecuador.com\/en\/wp-json\/wp\/v2\/comments?post=10"}],"version-history":[{"count":0,"href":"https:\/\/maquiproecuador.com\/en\/wp-json\/wp\/v2\/pages\/10\/revisions"}],"wp:attachment":[{"href":"https:\/\/maquiproecuador.com\/en\/wp-json\/wp\/v2\/media?parent=10"}],"curies":[{"name":"wp","href":"https:\/\/api.w.org\/{rel}","templated":true}]}}